{"id":705,"date":"2021-08-26T13:59:23","date_gmt":"2021-08-26T13:59:23","guid":{"rendered":"https:\/\/imsli.org.ma\/new\/?page_id=705"},"modified":"2021-08-26T14:05:19","modified_gmt":"2021-08-26T14:05:19","slug":"cooperatives","status":"publish","type":"page","link":"https:\/\/imsli.org.ma\/new\/cooperatives\/","title":{"rendered":"Coop\u00e9ratives"},"content":{"rendered":"<p>[vc_row][vc_column]\n\t<div class=\"blog-shortcode  blog-grid blog-three-columns has-post-content post-thumbnail-cover\">\n\t\t\n\t\t<div class=\"blog-entries\">\n\t\t\t<div class=\"entries-wrapper\">\n\t\t\t\t\t\t\t\t\n\t\t\t\t<article class=\"post-478 post type-post status-publish format-standard has-post-thumbnail hentry category-cooperatives\">\n\t\t\t\t\t<div class=\"entry-wrapper\">\n\t\t\t\t\t\t\t\t\t\t\t\t\t\n\t\t\t\t\t\t\t\t\t\t\t\t\t\t\t\n\t\t\t\t\t\t\t\t<div class=\"entry-cover\">\n\t\t\t\t\t\t\t\t\t<h4 class=\"entry-time\">\n\t\t\t\t\t\t\t\t\t\t<span class=\"entry-day\">\n\t\t\t\t\t\t\t\t\t\t\t11\t\t\t\t\t\t\t\t\t\t<\/span>\n\t\t\t\t\t\t\t\t\t\t<span class=\"entry-month\">\n\t\t\t\t\t\t\t\t\t\t\tAo\u00fbt\t\t\t\t\t\t\t\t\t\t<\/span>\n\t\t\t\t\t\t\t\t\t<\/h4>\n\t\t\t\t\t\t\t\t\t<a href=\"https:\/\/imsli.org.ma\/new\/2018\/08\/11\/cooperative-amalou-n-tazroualt\/\">\n\t\t\t\t\t\t\t\t\t\t<img loading=\"lazy\" decoding=\"async\" width=\"360\" height=\"218\" src=\"https:\/\/imsli.org.ma\/new\/wp-content\/uploads\/2021\/08\/cooperative-Amalou-N-tazroualt.jpg\" class=\"attachment-portfolio-medium-crop size-portfolio-medium-crop wp-post-image\" alt=\"\" srcset=\"https:\/\/imsli.org.ma\/new\/wp-content\/uploads\/2021\/08\/cooperative-Amalou-N-tazroualt.jpg 360w, https:\/\/imsli.org.ma\/new\/wp-content\/uploads\/2021\/08\/cooperative-Amalou-N-tazroualt-297x180.jpg 297w\" sizes=\"auto, (max-width: 360px) 100vw, 360px\" \/>\t\t\t\t\t\t\t\t\t<\/a>\n\t\t\t\t\t\t\t\t<\/div>\n\n\t\t\t\t\t\t\t\n\t\t\t\t\t\t\n\t\t\t\t\t\t<div class=\"entry-content-wrap\">\n\t\t\t\t\t\t\t<div class=\"entry-header\">\n\t\t\t\t\t\t\t\t<h2 class=\"entry-title\">\n\t\t\t\t\t\t\t\t\t<a href=\"https:\/\/imsli.org.ma\/new\/2018\/08\/11\/cooperative-amalou-n-tazroualt\/\">Coop\u00e9rative Amalou N tazroualt<\/a>\n\t\t\t\t\t\t\t\t<\/h2>\n\t\t\t\t\t\t\t<\/div>\n\n\t\t\t\t\t\t\t\t\t\t\t\t\t\t\t\n\t\t\t\t\t\t\t\t<div class=\"entry-content\">\n\n\t\t\t\t\t\t\t\t\tAmalou N tazroualt\u00a0est une coop\u00e9rative d...\n\t\t\t\t\t\t\t\t\t\t\t\t\t\t\t\t\t\t\t<div class=\"read-more\">\n\t\t\t\t\t\t\t\t\t\t\t<a href=\"https:\/\/imsli.org.ma\/new\/2018\/08\/11\/cooperative-amalou-n-tazroualt\/\">\n\t\t\t\t\t\t\t\t\t\t\t\tContinue &rarr;\t\t\t\t\t\t\t\t\t\t\t<\/a>\n\t\t\t\t\t\t\t\t\t\t<\/div>\n\t\t\t\t\t\t\t\t\t\n\t\t\t\t\t\t\t\t<\/div>\n\n\t\t\t\t\t\t\t\n\t\t\t\t\t\t\t<div class=\"entry-footer\">\n\t\t\t\t\t\t\t\t\t\t\n\t\t\t<div class=\"entry-meta\">\n\t\t\t\t<i class=\"fa fa-user\"><\/i>\n\t\t\t\t<span class=\"entry-author\" itemprop=\"author\" itemscope=\"itemscope\" itemtype=\"http:\/\/schema.org\/Person\">\n\t\t\t\t\t<a href=\"https:\/\/imsli.org.ma\/new\/author\/admin\/\" class=\"entry-author-link\" itemprop=\"url\" rel=\"author\">\n\t\t\t\t\t\t<span class=\"entry-author-name\" itemprop=\"name\">IMSLI<\/span>\n\t\t\t\t\t<\/a>\n\t\t\t\t<\/span>\n\t\t\t\t<i class=\"fa fa-folder-open\"><\/i>\n\t\t\t\t<span class=\"entry-categories\">\n\t\t\t\t\t<a href=\"https:\/\/imsli.org.ma\/new\/category\/cooperatives\/\" rel=\"category tag\">Coop\u00e9ratives<\/a>\t\t\t\t<\/span>\n\n\t\t\t\t\t\t\t\t\n\t\t\t<\/div>\n\n\t\t\t\t\t\t\t\t\t<\/div>\n\t\t\t\t\t\t<\/div>\n\t\t\t\t\t<\/div>\n\t\t\t\t<\/article>\n\n\t\t\t\t\t\t\t\t\n\t\t\t\t<article class=\"post-480 post type-post status-publish format-standard has-post-thumbnail hentry category-cooperatives\">\n\t\t\t\t\t<div class=\"entry-wrapper\">\n\t\t\t\t\t\t\t\t\t\t\t\t\t\n\t\t\t\t\t\t\t\t\t\t\t\t\t\t\t\n\t\t\t\t\t\t\t\t<div class=\"entry-cover\">\n\t\t\t\t\t\t\t\t\t<h4 class=\"entry-time\">\n\t\t\t\t\t\t\t\t\t\t<span class=\"entry-day\">\n\t\t\t\t\t\t\t\t\t\t\t11\t\t\t\t\t\t\t\t\t\t<\/span>\n\t\t\t\t\t\t\t\t\t\t<span class=\"entry-month\">\n\t\t\t\t\t\t\t\t\t\t\tAo\u00fbt\t\t\t\t\t\t\t\t\t\t<\/span>\n\t\t\t\t\t\t\t\t\t<\/h4>\n\t\t\t\t\t\t\t\t\t<a href=\"https:\/\/imsli.org.ma\/new\/2018\/08\/11\/cooperative-feminine-tiouzi-ntouri\/\">\n\t\t\t\t\t\t\t\t\t\t<img loading=\"lazy\" decoding=\"async\" width=\"360\" height=\"218\" src=\"https:\/\/imsli.org.ma\/new\/wp-content\/uploads\/2021\/08\/cooperative-Tiouzi-Ntouri.jpg\" class=\"attachment-portfolio-medium-crop size-portfolio-medium-crop wp-post-image\" alt=\"\" srcset=\"https:\/\/imsli.org.ma\/new\/wp-content\/uploads\/2021\/08\/cooperative-Tiouzi-Ntouri.jpg 360w, https:\/\/imsli.org.ma\/new\/wp-content\/uploads\/2021\/08\/cooperative-Tiouzi-Ntouri-297x180.jpg 297w\" sizes=\"auto, (max-width: 360px) 100vw, 360px\" \/>\t\t\t\t\t\t\t\t\t<\/a>\n\t\t\t\t\t\t\t\t<\/div>\n\n\t\t\t\t\t\t\t\n\t\t\t\t\t\t\n\t\t\t\t\t\t<div class=\"entry-content-wrap\">\n\t\t\t\t\t\t\t<div class=\"entry-header\">\n\t\t\t\t\t\t\t\t<h2 class=\"entry-title\">\n\t\t\t\t\t\t\t\t\t<a href=\"https:\/\/imsli.org.ma\/new\/2018\/08\/11\/cooperative-feminine-tiouzi-ntouri\/\">Coop\u00e9rative f\u00e9minine Tiouzi N\u2019touri<\/a>\n\t\t\t\t\t\t\t\t<\/h2>\n\t\t\t\t\t\t\t<\/div>\n\n\t\t\t\t\t\t\t\t\t\t\t\t\t\t\t\n\t\t\t\t\t\t\t\t<div class=\"entry-content\">\n\n\t\t\t\t\t\t\t\t\tFiche technique sur la coop\u00e9rative f\u00e9min...\n\t\t\t\t\t\t\t\t\t\t\t\t\t\t\t\t\t\t\t<div class=\"read-more\">\n\t\t\t\t\t\t\t\t\t\t\t<a href=\"https:\/\/imsli.org.ma\/new\/2018\/08\/11\/cooperative-feminine-tiouzi-ntouri\/\">\n\t\t\t\t\t\t\t\t\t\t\t\tContinue &rarr;\t\t\t\t\t\t\t\t\t\t\t<\/a>\n\t\t\t\t\t\t\t\t\t\t<\/div>\n\t\t\t\t\t\t\t\t\t\n\t\t\t\t\t\t\t\t<\/div>\n\n\t\t\t\t\t\t\t\n\t\t\t\t\t\t\t<div class=\"entry-footer\">\n\t\t\t\t\t\t\t\t\t\t\n\t\t\t<div class=\"entry-meta\">\n\t\t\t\t<i class=\"fa fa-user\"><\/i>\n\t\t\t\t<span class=\"entry-author\" itemprop=\"author\" itemscope=\"itemscope\" itemtype=\"http:\/\/schema.org\/Person\">\n\t\t\t\t\t<a href=\"https:\/\/imsli.org.ma\/new\/author\/admin\/\" class=\"entry-author-link\" itemprop=\"url\" rel=\"author\">\n\t\t\t\t\t\t<span class=\"entry-author-name\" itemprop=\"name\">IMSLI<\/span>\n\t\t\t\t\t<\/a>\n\t\t\t\t<\/span>\n\t\t\t\t<i class=\"fa fa-folder-open\"><\/i>\n\t\t\t\t<span class=\"entry-categories\">\n\t\t\t\t\t<a href=\"https:\/\/imsli.org.ma\/new\/category\/cooperatives\/\" rel=\"category tag\">Coop\u00e9ratives<\/a>\t\t\t\t<\/span>\n\n\t\t\t\t\t\t\t\t\n\t\t\t<\/div>\n\n\t\t\t\t\t\t\t\t\t<\/div>\n\t\t\t\t\t\t<\/div>\n\t\t\t\t\t<\/div>\n\t\t\t\t<\/article>\n\n\t\t\t\t\t\t\t\t\n\t\t\t\t<article class=\"post-481 post type-post status-publish format-standard has-post-thumbnail hentry category-cooperatives\">\n\t\t\t\t\t<div class=\"entry-wrapper\">\n\t\t\t\t\t\t\t\t\t\t\t\t\t\n\t\t\t\t\t\t\t\t\t\t\t\t\t\t\t\n\t\t\t\t\t\t\t\t<div class=\"entry-cover\">\n\t\t\t\t\t\t\t\t\t<h4 class=\"entry-time\">\n\t\t\t\t\t\t\t\t\t\t<span class=\"entry-day\">\n\t\t\t\t\t\t\t\t\t\t\t11\t\t\t\t\t\t\t\t\t\t<\/span>\n\t\t\t\t\t\t\t\t\t\t<span class=\"entry-month\">\n\t\t\t\t\t\t\t\t\t\t\tAo\u00fbt\t\t\t\t\t\t\t\t\t\t<\/span>\n\t\t\t\t\t\t\t\t\t<\/h4>\n\t\t\t\t\t\t\t\t\t<a href=\"https:\/\/imsli.org.ma\/new\/2018\/08\/11\/la-cooperative-idoudan-ntizi\/\">\n\t\t\t\t\t\t\t\t\t\t<img loading=\"lazy\" decoding=\"async\" width=\"360\" height=\"218\" src=\"https:\/\/imsli.org.ma\/new\/wp-content\/uploads\/2021\/08\/cooperative-Idoudan-Ntizi.jpg\" class=\"attachment-portfolio-medium-crop size-portfolio-medium-crop wp-post-image\" alt=\"\" srcset=\"https:\/\/imsli.org.ma\/new\/wp-content\/uploads\/2021\/08\/cooperative-Idoudan-Ntizi.jpg 360w, https:\/\/imsli.org.ma\/new\/wp-content\/uploads\/2021\/08\/cooperative-Idoudan-Ntizi-297x180.jpg 297w\" sizes=\"auto, (max-width: 360px) 100vw, 360px\" \/>\t\t\t\t\t\t\t\t\t<\/a>\n\t\t\t\t\t\t\t\t<\/div>\n\n\t\t\t\t\t\t\t\n\t\t\t\t\t\t\n\t\t\t\t\t\t<div class=\"entry-content-wrap\">\n\t\t\t\t\t\t\t<div class=\"entry-header\">\n\t\t\t\t\t\t\t\t<h2 class=\"entry-title\">\n\t\t\t\t\t\t\t\t\t<a href=\"https:\/\/imsli.org.ma\/new\/2018\/08\/11\/la-cooperative-idoudan-ntizi\/\">Coop\u00e9rative Idoudan Ntizi<\/a>\n\t\t\t\t\t\t\t\t<\/h2>\n\t\t\t\t\t\t\t<\/div>\n\n\t\t\t\t\t\t\t\t\t\t\t\t\t\t\t\n\t\t\t\t\t\t\t\t<div class=\"entry-content\">\n\n\t\t\t\t\t\t\t\t\tLa Coop\u00e9rative Idoudane Ntizi a \u00e9t\u00e9 cr\u00e9\u00e9...\n\t\t\t\t\t\t\t\t\t\t\t\t\t\t\t\t\t\t\t<div class=\"read-more\">\n\t\t\t\t\t\t\t\t\t\t\t<a href=\"https:\/\/imsli.org.ma\/new\/2018\/08\/11\/la-cooperative-idoudan-ntizi\/\">\n\t\t\t\t\t\t\t\t\t\t\t\tContinue &rarr;\t\t\t\t\t\t\t\t\t\t\t<\/a>\n\t\t\t\t\t\t\t\t\t\t<\/div>\n\t\t\t\t\t\t\t\t\t\n\t\t\t\t\t\t\t\t<\/div>\n\n\t\t\t\t\t\t\t\n\t\t\t\t\t\t\t<div class=\"entry-footer\">\n\t\t\t\t\t\t\t\t\t\t\n\t\t\t<div class=\"entry-meta\">\n\t\t\t\t<i class=\"fa fa-user\"><\/i>\n\t\t\t\t<span class=\"entry-author\" itemprop=\"author\" itemscope=\"itemscope\" itemtype=\"http:\/\/schema.org\/Person\">\n\t\t\t\t\t<a href=\"https:\/\/imsli.org.ma\/new\/author\/admin\/\" class=\"entry-author-link\" itemprop=\"url\" rel=\"author\">\n\t\t\t\t\t\t<span class=\"entry-author-name\" itemprop=\"name\">IMSLI<\/span>\n\t\t\t\t\t<\/a>\n\t\t\t\t<\/span>\n\t\t\t\t<i class=\"fa fa-folder-open\"><\/i>\n\t\t\t\t<span class=\"entry-categories\">\n\t\t\t\t\t<a href=\"https:\/\/imsli.org.ma\/new\/category\/cooperatives\/\" rel=\"category tag\">Coop\u00e9ratives<\/a>\t\t\t\t<\/span>\n\n\t\t\t\t\t\t\t\t\n\t\t\t<\/div>\n\n\t\t\t\t\t\t\t\t\t<\/div>\n\t\t\t\t\t\t<\/div>\n\t\t\t\t\t<\/div>\n\t\t\t\t<\/article>\n\n\t\t\t\t\t\t\t\t\n\t\t\t\t<article class=\"post-483 post type-post status-publish format-standard has-post-thumbnail hentry category-cooperatives\">\n\t\t\t\t\t<div class=\"entry-wrapper\">\n\t\t\t\t\t\t\t\t\t\t\t\t\t\n\t\t\t\t\t\t\t\t\t\t\t\t\t\t\t\n\t\t\t\t\t\t\t\t<div class=\"entry-cover\">\n\t\t\t\t\t\t\t\t\t<h4 class=\"entry-time\">\n\t\t\t\t\t\t\t\t\t\t<span class=\"entry-day\">\n\t\t\t\t\t\t\t\t\t\t\t11\t\t\t\t\t\t\t\t\t\t<\/span>\n\t\t\t\t\t\t\t\t\t\t<span class=\"entry-month\">\n\t\t\t\t\t\t\t\t\t\t\tAo\u00fbt\t\t\t\t\t\t\t\t\t\t<\/span>\n\t\t\t\t\t\t\t\t\t<\/h4>\n\t\t\t\t\t\t\t\t\t<a href=\"https:\/\/imsli.org.ma\/new\/2018\/08\/11\/cooperative-tiboudrarin-noudrar\/\">\n\t\t\t\t\t\t\t\t\t\t<img loading=\"lazy\" decoding=\"async\" width=\"360\" height=\"218\" src=\"https:\/\/imsli.org.ma\/new\/wp-content\/uploads\/2021\/08\/cooperative-Tiboudrari-n-noudrar.jpg\" class=\"attachment-portfolio-medium-crop size-portfolio-medium-crop wp-post-image\" alt=\"\" srcset=\"https:\/\/imsli.org.ma\/new\/wp-content\/uploads\/2021\/08\/cooperative-Tiboudrari-n-noudrar.jpg 360w, https:\/\/imsli.org.ma\/new\/wp-content\/uploads\/2021\/08\/cooperative-Tiboudrari-n-noudrar-297x180.jpg 297w\" sizes=\"auto, (max-width: 360px) 100vw, 360px\" \/>\t\t\t\t\t\t\t\t\t<\/a>\n\t\t\t\t\t\t\t\t<\/div>\n\n\t\t\t\t\t\t\t\n\t\t\t\t\t\t\n\t\t\t\t\t\t<div class=\"entry-content-wrap\">\n\t\t\t\t\t\t\t<div class=\"entry-header\">\n\t\t\t\t\t\t\t\t<h2 class=\"entry-title\">\n\t\t\t\t\t\t\t\t\t<a href=\"https:\/\/imsli.org.ma\/new\/2018\/08\/11\/cooperative-tiboudrarin-noudrar\/\">Coop\u00e9rative Tiboudrarin noudrar<\/a>\n\t\t\t\t\t\t\t\t<\/h2>\n\t\t\t\t\t\t\t<\/div>\n\n\t\t\t\t\t\t\t\t\t\t\t\t\t\t\t\n\t\t\t\t\t\t\t\t<div class=\"entry-content\">\n\n\t\t\t\t\t\t\t\t\tFiche technique de la coop\u00e9rative Tiboud...\n\t\t\t\t\t\t\t\t\t\t\t\t\t\t\t\t\t\t\t<div class=\"read-more\">\n\t\t\t\t\t\t\t\t\t\t\t<a href=\"https:\/\/imsli.org.ma\/new\/2018\/08\/11\/cooperative-tiboudrarin-noudrar\/\">\n\t\t\t\t\t\t\t\t\t\t\t\tContinue &rarr;\t\t\t\t\t\t\t\t\t\t\t<\/a>\n\t\t\t\t\t\t\t\t\t\t<\/div>\n\t\t\t\t\t\t\t\t\t\n\t\t\t\t\t\t\t\t<\/div>\n\n\t\t\t\t\t\t\t\n\t\t\t\t\t\t\t<div class=\"entry-footer\">\n\t\t\t\t\t\t\t\t\t\t\n\t\t\t<div class=\"entry-meta\">\n\t\t\t\t<i class=\"fa fa-user\"><\/i>\n\t\t\t\t<span class=\"entry-author\" itemprop=\"author\" itemscope=\"itemscope\" itemtype=\"http:\/\/schema.org\/Person\">\n\t\t\t\t\t<a href=\"https:\/\/imsli.org.ma\/new\/author\/admin\/\" class=\"entry-author-link\" itemprop=\"url\" rel=\"author\">\n\t\t\t\t\t\t<span class=\"entry-author-name\" itemprop=\"name\">IMSLI<\/span>\n\t\t\t\t\t<\/a>\n\t\t\t\t<\/span>\n\t\t\t\t<i class=\"fa fa-folder-open\"><\/i>\n\t\t\t\t<span class=\"entry-categories\">\n\t\t\t\t\t<a href=\"https:\/\/imsli.org.ma\/new\/category\/cooperatives\/\" rel=\"category tag\">Coop\u00e9ratives<\/a>\t\t\t\t<\/span>\n\n\t\t\t\t\t\t\t\t\n\t\t\t<\/div>\n\n\t\t\t\t\t\t\t\t\t<\/div>\n\t\t\t\t\t\t<\/div>\n\t\t\t\t\t<\/div>\n\t\t\t\t<\/article>\n\n\t\t\t\t\t\t\t\t\n\t\t\t\t<article class=\"post-482 post type-post status-publish format-standard has-post-thumbnail hentry category-cooperatives\">\n\t\t\t\t\t<div class=\"entry-wrapper\">\n\t\t\t\t\t\t\t\t\t\t\t\t\t\n\t\t\t\t\t\t\t\t\t\t\t\t\t\t\t\n\t\t\t\t\t\t\t\t<div class=\"entry-cover\">\n\t\t\t\t\t\t\t\t\t<h4 class=\"entry-time\">\n\t\t\t\t\t\t\t\t\t\t<span class=\"entry-day\">\n\t\t\t\t\t\t\t\t\t\t\t11\t\t\t\t\t\t\t\t\t\t<\/span>\n\t\t\t\t\t\t\t\t\t\t<span class=\"entry-month\">\n\t\t\t\t\t\t\t\t\t\t\tAo\u00fbt\t\t\t\t\t\t\t\t\t\t<\/span>\n\t\t\t\t\t\t\t\t\t<\/h4>\n\t\t\t\t\t\t\t\t\t<a href=\"https:\/\/imsli.org.ma\/new\/2018\/08\/11\/la-cooperative-timdoukal-n-taroudant\/\">\n\t\t\t\t\t\t\t\t\t\t<img loading=\"lazy\" decoding=\"async\" width=\"360\" height=\"218\" src=\"https:\/\/imsli.org.ma\/new\/wp-content\/uploads\/2021\/08\/cooperative-Timdoukal-N-Taroudant.jpg\" class=\"attachment-portfolio-medium-crop size-portfolio-medium-crop wp-post-image\" alt=\"\" srcset=\"https:\/\/imsli.org.ma\/new\/wp-content\/uploads\/2021\/08\/cooperative-Timdoukal-N-Taroudant.jpg 360w, https:\/\/imsli.org.ma\/new\/wp-content\/uploads\/2021\/08\/cooperative-Timdoukal-N-Taroudant-297x180.jpg 297w\" sizes=\"auto, (max-width: 360px) 100vw, 360px\" \/>\t\t\t\t\t\t\t\t\t<\/a>\n\t\t\t\t\t\t\t\t<\/div>\n\n\t\t\t\t\t\t\t\n\t\t\t\t\t\t\n\t\t\t\t\t\t<div class=\"entry-content-wrap\">\n\t\t\t\t\t\t\t<div class=\"entry-header\">\n\t\t\t\t\t\t\t\t<h2 class=\"entry-title\">\n\t\t\t\t\t\t\t\t\t<a href=\"https:\/\/imsli.org.ma\/new\/2018\/08\/11\/la-cooperative-timdoukal-n-taroudant\/\">Coop\u00e9rative Timdoukal N Taroudant<\/a>\n\t\t\t\t\t\t\t\t<\/h2>\n\t\t\t\t\t\t\t<\/div>\n\n\t\t\t\t\t\t\t\t\t\t\t\t\t\t\t\n\t\t\t\t\t\t\t\t<div class=\"entry-content\">\n\n\t\t\t\t\t\t\t\t\tLa coop\u00e9rative \u00ab\u00a0Timdoucalntaroudant\u00a0\u00bb a...\n\t\t\t\t\t\t\t\t\t\t\t\t\t\t\t\t\t\t\t<div class=\"read-more\">\n\t\t\t\t\t\t\t\t\t\t\t<a href=\"https:\/\/imsli.org.ma\/new\/2018\/08\/11\/la-cooperative-timdoukal-n-taroudant\/\">\n\t\t\t\t\t\t\t\t\t\t\t\tContinue &rarr;\t\t\t\t\t\t\t\t\t\t\t<\/a>\n\t\t\t\t\t\t\t\t\t\t<\/div>\n\t\t\t\t\t\t\t\t\t\n\t\t\t\t\t\t\t\t<\/div>\n\n\t\t\t\t\t\t\t\n\t\t\t\t\t\t\t<div class=\"entry-footer\">\n\t\t\t\t\t\t\t\t\t\t\n\t\t\t<div class=\"entry-meta\">\n\t\t\t\t<i class=\"fa fa-user\"><\/i>\n\t\t\t\t<span class=\"entry-author\" itemprop=\"author\" itemscope=\"itemscope\" itemtype=\"http:\/\/schema.org\/Person\">\n\t\t\t\t\t<a href=\"https:\/\/imsli.org.ma\/new\/author\/admin\/\" class=\"entry-author-link\" itemprop=\"url\" rel=\"author\">\n\t\t\t\t\t\t<span class=\"entry-author-name\" itemprop=\"name\">IMSLI<\/span>\n\t\t\t\t\t<\/a>\n\t\t\t\t<\/span>\n\t\t\t\t<i class=\"fa fa-folder-open\"><\/i>\n\t\t\t\t<span class=\"entry-categories\">\n\t\t\t\t\t<a href=\"https:\/\/imsli.org.ma\/new\/category\/cooperatives\/\" rel=\"category tag\">Coop\u00e9ratives<\/a>\t\t\t\t<\/span>\n\n\t\t\t\t\t\t\t\t\n\t\t\t<\/div>\n\n\t\t\t\t\t\t\t\t\t<\/div>\n\t\t\t\t\t\t<\/div>\n\t\t\t\t\t<\/div>\n\t\t\t\t<\/article>\n\n\t\t\t\t\t\t\t\t\n\t\t\t\t<article class=\"post-479 post type-post status-publish format-standard has-post-thumbnail hentry category-cooperatives\">\n\t\t\t\t\t<div class=\"entry-wrapper\">\n\t\t\t\t\t\t\t\t\t\t\t\t\t\n\t\t\t\t\t\t\t\t\t\t\t\t\t\t\t\n\t\t\t\t\t\t\t\t<div class=\"entry-cover\">\n\t\t\t\t\t\t\t\t\t<h4 class=\"entry-time\">\n\t\t\t\t\t\t\t\t\t\t<span class=\"entry-day\">\n\t\t\t\t\t\t\t\t\t\t\t11\t\t\t\t\t\t\t\t\t\t<\/span>\n\t\t\t\t\t\t\t\t\t\t<span class=\"entry-month\">\n\t\t\t\t\t\t\t\t\t\t\tAo\u00fbt\t\t\t\t\t\t\t\t\t\t<\/span>\n\t\t\t\t\t\t\t\t\t<\/h4>\n\t\t\t\t\t\t\t\t\t<a href=\"https:\/\/imsli.org.ma\/new\/2018\/08\/11\/cooperative-al-baraka\/\">\n\t\t\t\t\t\t\t\t\t\t<img loading=\"lazy\" decoding=\"async\" width=\"360\" height=\"218\" src=\"https:\/\/imsli.org.ma\/new\/wp-content\/uploads\/2021\/08\/cooperative-Al-Baraka.jpg\" class=\"attachment-portfolio-medium-crop size-portfolio-medium-crop wp-post-image\" alt=\"\" srcset=\"https:\/\/imsli.org.ma\/new\/wp-content\/uploads\/2021\/08\/cooperative-Al-Baraka.jpg 360w, https:\/\/imsli.org.ma\/new\/wp-content\/uploads\/2021\/08\/cooperative-Al-Baraka-297x180.jpg 297w\" sizes=\"auto, (max-width: 360px) 100vw, 360px\" \/>\t\t\t\t\t\t\t\t\t<\/a>\n\t\t\t\t\t\t\t\t<\/div>\n\n\t\t\t\t\t\t\t\n\t\t\t\t\t\t\n\t\t\t\t\t\t<div class=\"entry-content-wrap\">\n\t\t\t\t\t\t\t<div class=\"entry-header\">\n\t\t\t\t\t\t\t\t<h2 class=\"entry-title\">\n\t\t\t\t\t\t\t\t\t<a href=\"https:\/\/imsli.org.ma\/new\/2018\/08\/11\/cooperative-al-baraka\/\">Coop\u00e9rative Al-Baraka<\/a>\n\t\t\t\t\t\t\t\t<\/h2>\n\t\t\t\t\t\t\t<\/div>\n\n\t\t\t\t\t\t\t\t\t\t\t\t\t\t\t\n\t\t\t\t\t\t\t\t<div class=\"entry-content\">\n\n\t\t\t\t\t\t\t\t\tLa coop\u00e9rative Al-Baraka a \u00e9t\u00e9 fond\u00e9e le...\n\t\t\t\t\t\t\t\t\t\t\t\t\t\t\t\t\t\t\t<div class=\"read-more\">\n\t\t\t\t\t\t\t\t\t\t\t<a href=\"https:\/\/imsli.org.ma\/new\/2018\/08\/11\/cooperative-al-baraka\/\">\n\t\t\t\t\t\t\t\t\t\t\t\tContinue &rarr;\t\t\t\t\t\t\t\t\t\t\t<\/a>\n\t\t\t\t\t\t\t\t\t\t<\/div>\n\t\t\t\t\t\t\t\t\t\n\t\t\t\t\t\t\t\t<\/div>\n\n\t\t\t\t\t\t\t\n\t\t\t\t\t\t\t<div class=\"entry-footer\">\n\t\t\t\t\t\t\t\t\t\t\n\t\t\t<div class=\"entry-meta\">\n\t\t\t\t<i class=\"fa fa-user\"><\/i>\n\t\t\t\t<span class=\"entry-author\" itemprop=\"author\" itemscope=\"itemscope\" itemtype=\"http:\/\/schema.org\/Person\">\n\t\t\t\t\t<a href=\"https:\/\/imsli.org.ma\/new\/author\/admin\/\" class=\"entry-author-link\" itemprop=\"url\" rel=\"author\">\n\t\t\t\t\t\t<span class=\"entry-author-name\" itemprop=\"name\">IMSLI<\/span>\n\t\t\t\t\t<\/a>\n\t\t\t\t<\/span>\n\t\t\t\t<i class=\"fa fa-folder-open\"><\/i>\n\t\t\t\t<span class=\"entry-categories\">\n\t\t\t\t\t<a href=\"https:\/\/imsli.org.ma\/new\/category\/cooperatives\/\" rel=\"category tag\">Coop\u00e9ratives<\/a>\t\t\t\t<\/span>\n\n\t\t\t\t\t\t\t\t\n\t\t\t<\/div>\n\n\t\t\t\t\t\t\t\t\t<\/div>\n\t\t\t\t\t\t<\/div>\n\t\t\t\t\t<\/div>\n\t\t\t\t<\/article>\n\n\t\t\t\t\t\t\t\t\t\t\t<\/div>\n\t\t<\/div>\n\t<\/div>\n\n[\/vc_column][\/vc_row]<\/p>\n","protected":false},"excerpt":{"rendered":"<p>[vc_row][vc_column][\/vc_column][\/vc_row]<\/p>\n","protected":false},"author":1,"featured_media":0,"parent":0,"menu_order":0,"comment_status":"closed","ping_status":"closed","template":"","meta":{"footnotes":""},"class_list":["post-705","page","type-page","status-publish","hentry"],"_links":{"self":[{"href":"https:\/\/imsli.org.ma\/new\/wp-json\/wp\/v2\/pages\/705","targetHints":{"allow":["GET"]}}],"collection":[{"href":"https:\/\/imsli.org.ma\/new\/wp-json\/wp\/v2\/pages"}],"about":[{"href":"https:\/\/imsli.org.ma\/new\/wp-json\/wp\/v2\/types\/page"}],"author":[{"embeddable":true,"href":"https:\/\/imsli.org.ma\/new\/wp-json\/wp\/v2\/users\/1"}],"replies":[{"embeddable":true,"href":"https:\/\/imsli.org.ma\/new\/wp-json\/wp\/v2\/comments?post=705"}],"version-history":[{"count":3,"href":"https:\/\/imsli.org.ma\/new\/wp-json\/wp\/v2\/pages\/705\/revisions"}],"predecessor-version":[{"id":709,"href":"https:\/\/imsli.org.ma\/new\/wp-json\/wp\/v2\/pages\/705\/revisions\/709"}],"wp:attachment":[{"href":"https:\/\/imsli.org.ma\/new\/wp-json\/wp\/v2\/media?parent=705"}],"curies":[{"name":"wp","href":"https:\/\/api.w.org\/{rel}","templated":true}]}}