{"id":7,"date":"2016-04-12T10:02:54","date_gmt":"2016-04-12T10:02:54","guid":{"rendered":"https:\/\/imsli.org.ma\/new\/?page_id=7"},"modified":"2021-08-10T18:01:03","modified_gmt":"2021-08-10T18:01:03","slug":"qui-sommes-nous","status":"publish","type":"page","link":"https:\/\/imsli.org.ma\/new\/qui-sommes-nous\/","title":{"rendered":"Qui sommes Nous"},"content":{"rendered":"<p>[vc_row][vc_column][vc_single_image image=\u00a0\u00bb429&Prime; img_size=\u00a0\u00bbfull\u00a0\u00bb alignment=\u00a0\u00bbcenter\u00a0\u00bb][vc_empty_space height=\u00a0\u00bb40px\u00a0\u00bb][vc_column_text]<\/p>\n<p style=\"text-align: justify;\">L\u2019association de la Voix de la Femme Amazighe \u00ab IMSLI \u00bb est une premi\u00e8re association amazighe des droits des femmes au Maroc. C\u2019est une association nationale non gouvernementale \u00e0 but non lucratif.<\/p>\n<p style=\"text-align: justify;\">L\u2019Association \u0153uvre pour la promotion des droits de la Femme Amazighe et le renforcement de ses capacit\u00e9s \u00e0 travers des programmes et des activit\u00e9s dans les domaines d\u2019\u00e9ducation sur les droits humains, le soutien psychique, l\u2019orientation juridique et l\u2019 alphab\u00e9tisation juridique en langue amazighe au profit des femmes amazighes.<\/p>\n<p style=\"text-align: justify;\">La Voix de le Femme Amazighe s\u2019inspire dans son action des chartes et des conventions internationales des droits l\u2019homme.<\/p>\n<p style=\"text-align: justify;\">L\u2019Association \u0153uvre pour la sauvegarde de la dignit\u00e9 de la femme amazighe, pour le respect de tous ses droits, dans leur sens universel, et pour l\u2019\u00e9radication de toute forme de discrimination et de violence \u00e0 son \u00e9gard et pour l\u2019am\u00e9lioration de ses conditions \u00e9conomique, sociale, sanitaire, culturelle, linguistique, et environnementale.<\/p>\n<p style=\"text-align: justify;\">L\u2019Association Amisli et anim\u00e9e par les principes suivants:<\/p>\n<ul>\n<li style=\"text-align: justify;\">L\u2019universalit\u00e9<\/li>\n<li style=\"text-align: justify;\">L\u2019autonomie<\/li>\n<li style=\"text-align: justify;\">La d\u00e9mocratie<\/li>\n<li style=\"text-align: justify;\">Le b\u00e9n\u00e9volat<\/li>\n<\/ul>\n<p>[\/vc_column_text][vc_empty_space height=\u00a0\u00bb40px\u00a0\u00bb][\/vc_column][\/vc_row]<\/p>\n","protected":false},"excerpt":{"rendered":"<p>[vc_row][vc_column][vc_single_image image=\u00a0\u00bb429&Prime; img_size=\u00a0\u00bbfull\u00a0\u00bb alignment=\u00a0\u00bbcenter\u00a0\u00bb][vc_empty_space height=\u00a0\u00bb40px\u00a0\u00bb][vc_column_text] L\u2019association de la Voix de la Femme Amazighe \u00ab IMSLI \u00bb est une premi\u00e8re association amazighe des droits des femmes au Maroc. C\u2019est une association nationale non gouvernementale \u00e0 but non lucratif. L\u2019Association \u0153uvre pour la promotion des droits de la Femme Amazighe et le renforcement de ses capacit\u00e9s \u00e0 [&hellip;]<\/p>\n","protected":false},"author":1,"featured_media":0,"parent":0,"menu_order":0,"comment_status":"closed","ping_status":"closed","template":"","meta":{"footnotes":""},"class_list":["post-7","page","type-page","status-publish","hentry","no-post-thumbnail"],"_links":{"self":[{"href":"https:\/\/imsli.org.ma\/new\/wp-json\/wp\/v2\/pages\/7","targetHints":{"allow":["GET"]}}],"collection":[{"href":"https:\/\/imsli.org.ma\/new\/wp-json\/wp\/v2\/pages"}],"about":[{"href":"https:\/\/imsli.org.ma\/new\/wp-json\/wp\/v2\/types\/page"}],"author":[{"embeddable":true,"href":"https:\/\/imsli.org.ma\/new\/wp-json\/wp\/v2\/users\/1"}],"replies":[{"embeddable":true,"href":"https:\/\/imsli.org.ma\/new\/wp-json\/wp\/v2\/comments?post=7"}],"version-history":[{"count":3,"href":"https:\/\/imsli.org.ma\/new\/wp-json\/wp\/v2\/pages\/7\/revisions"}],"predecessor-version":[{"id":430,"href":"https:\/\/imsli.org.ma\/new\/wp-json\/wp\/v2\/pages\/7\/revisions\/430"}],"wp:attachment":[{"href":"https:\/\/imsli.org.ma\/new\/wp-json\/wp\/v2\/media?parent=7"}],"curies":[{"name":"wp","href":"https:\/\/api.w.org\/{rel}","templated":true}]}}