{"id":36,"date":"2016-04-12T15:03:20","date_gmt":"2016-04-12T15:03:20","guid":{"rendered":"https:\/\/imsli.org.ma\/new\/?page_id=36"},"modified":"2022-11-07T16:06:55","modified_gmt":"2022-11-07T16:06:55","slug":"membres-du-bureau","status":"publish","type":"page","link":"https:\/\/imsli.org.ma\/new\/qui-sommes-nous\/membres-du-bureau\/","title":{"rendered":"Membres du Bureau"},"content":{"rendered":"<p>[vc_row][vc_column][vc_single_image image=\u00a0\u00bb429&Prime; img_size=\u00a0\u00bblarge\u00a0\u00bb][vc_empty_space][vc_column_text]<\/p>\n<h3 class=\"no-margin-top\">Bureau ex\u00e9cutif<\/h3>\n<p><strong>Pr\u00e9sidente :<\/strong> Mme. Zioual Amina<br \/>\n<strong>Vice-pr\u00e9sident :<\/strong> Mme. Zahra Ouhssaine<br \/>\n<strong>Tr\u00e9sori\u00e8re :<\/strong> Mme. Ilhame Bechar<br \/>\n<strong>Vice Tr\u00e9sori\u00e8re :<\/strong> Mme. Fatima Tanloust<br \/>\n<strong>Secr\u00e9taire g\u00e9n\u00e9rale :<\/strong> Mme. Fatima Bellaoui<br \/>\n<strong>Conseill\u00e8re :<\/strong> Mme. Rachida Imerzigue<br \/>\n<strong>Conseill\u00e8re :<\/strong> Mme. Mina Ardim[\/vc_column_text][\/vc_column][\/vc_row]<\/p>\n","protected":false},"excerpt":{"rendered":"<p>[vc_row][vc_column][vc_single_image image=\u00a0\u00bb429&Prime; img_size=\u00a0\u00bblarge\u00a0\u00bb][vc_empty_space][vc_column_text] Bureau ex\u00e9cutif Pr\u00e9sidente : Mme. Zioual Amina Vice-pr\u00e9sident : Mme. Zahra Ouhssaine Tr\u00e9sori\u00e8re : Mme. Ilhame Bechar Vice Tr\u00e9sori\u00e8re : Mme. Fatima Tanloust Secr\u00e9taire g\u00e9n\u00e9rale : Mme. Fatima Bellaoui Conseill\u00e8re : Mme. Rachida Imerzigue Conseill\u00e8re : Mme. Mina Ardim[\/vc_column_text][\/vc_column][\/vc_row]<\/p>\n","protected":false},"author":1,"featured_media":0,"parent":7,"menu_order":0,"comment_status":"closed","ping_status":"closed","template":"","meta":{"footnotes":""},"class_list":["post-36","page","type-page","status-publish","hentry","no-post-thumbnail"],"_links":{"self":[{"href":"https:\/\/imsli.org.ma\/new\/wp-json\/wp\/v2\/pages\/36","targetHints":{"allow":["GET"]}}],"collection":[{"href":"https:\/\/imsli.org.ma\/new\/wp-json\/wp\/v2\/pages"}],"about":[{"href":"https:\/\/imsli.org.ma\/new\/wp-json\/wp\/v2\/types\/page"}],"author":[{"embeddable":true,"href":"https:\/\/imsli.org.ma\/new\/wp-json\/wp\/v2\/users\/1"}],"replies":[{"embeddable":true,"href":"https:\/\/imsli.org.ma\/new\/wp-json\/wp\/v2\/comments?post=36"}],"version-history":[{"count":3,"href":"https:\/\/imsli.org.ma\/new\/wp-json\/wp\/v2\/pages\/36\/revisions"}],"predecessor-version":[{"id":666,"href":"https:\/\/imsli.org.ma\/new\/wp-json\/wp\/v2\/pages\/36\/revisions\/666"}],"up":[{"embeddable":true,"href":"https:\/\/imsli.org.ma\/new\/wp-json\/wp\/v2\/pages\/7"}],"wp:attachment":[{"href":"https:\/\/imsli.org.ma\/new\/wp-json\/wp\/v2\/media?parent=36"}],"curies":[{"name":"wp","href":"https:\/\/api.w.org\/{rel}","templated":true}]}}