{"id":189,"date":"2016-04-26T04:46:55","date_gmt":"2016-04-26T04:46:55","guid":{"rendered":"https:\/\/imsli.org.ma\/new\/?page_id=189"},"modified":"2016-04-27T03:43:30","modified_gmt":"2016-04-27T03:43:30","slug":"case-studies-layout-03","status":"publish","type":"page","link":"https:\/\/imsli.org.ma\/new\/case-studies-layout-03\/","title":{"rendered":"Case Studies Layout 03"},"content":{"rendered":"<p>[vc_row][vc_column]\t<!-- BEGIN: .projects -->\n\t<div class=\"projects projects-shortcode projects-grid-alt projects-has-filter  \" data-columns=\"4\">\n\t\t<div class=\"projects-wrap\">\n\n\t\t\t\n\t\t\t\n\t\t\t\t\t\t\t\t\t<div class=\"projects-filter\">\n\t\t\t\t\t\t<ul>\n\t\t\t\t\t\t\t<li data-filter=\"*\" class=\"active\">\n\t\t\t\t\t\t\t\t<a href=\"\">All<\/a>\n\t\t\t\t\t\t\t<\/li>\n\t\t\t\t\t\t\t\t\t\t\t\t\t\t\t<li data-filter=\".nproject-category-appui-et-le-soutien-psychologique-par-la-langue-amazighe-jeunes-filles-infectes-par-le-seisme\">\n\t\t\t\t\t\t\t\t\t<a href=\"https:\/\/imsli.org.ma\/new\/nproject-category\/appui-et-le-soutien-psychologique-par-la-langue-amazighe-jeunes-filles-infectes-par-le-seisme\/\">Appui et le soutien psychologique par la langue amazighe jeunes filles infect\u00e9s par le s\u00e9isme<\/a>\n\t\t\t\t\t\t\t\t<\/li>\n\t\t\t\t\t\t\t\t\t\t\t\t\t\t\t<li data-filter=\".nproject-category-pour-une-justice-equitable-pour-les-femmes-amazighes\">\n\t\t\t\t\t\t\t\t\t<a href=\"https:\/\/imsli.org.ma\/new\/nproject-category\/pour-une-justice-equitable-pour-les-femmes-amazighes\/\">Pour une justice equitable pour les femmes Amazighes<\/a>\n\t\t\t\t\t\t\t\t<\/li>\n\t\t\t\t\t\t\t\t\t\t\t\t\t\t\t<li data-filter=\".nproject-category-projet-pawanka\">\n\t\t\t\t\t\t\t\t\t<a href=\"https:\/\/imsli.org.ma\/new\/nproject-category\/projet-pawanka\/\">Projet Pawanka<\/a>\n\t\t\t\t\t\t\t\t<\/li>\n\t\t\t\t\t\t\t\t\t\t\t\t\t\t\t<li data-filter=\".nproject-category-projet-ifad\">\n\t\t\t\t\t\t\t\t\t<a href=\"https:\/\/imsli.org.ma\/new\/nproject-category\/projet-ifad\/\">Projet IFAD<\/a>\n\t\t\t\t\t\t\t\t<\/li>\n\t\t\t\t\t\t\t\t\t\t\t\t\t\t\t<li data-filter=\".nproject-category-cooperatives-feminines\">\n\t\t\t\t\t\t\t\t\t<a href=\"https:\/\/imsli.org.ma\/new\/nproject-category\/cooperatives-feminines\/\">Coop\u00e9ratives F\u00e9minines<\/a>\n\t\t\t\t\t\t\t\t<\/li>\n\t\t\t\t\t\t\t\t\t\t\t\t\t\t\t<li data-filter=\".nproject-category-projet-daam\">\n\t\t\t\t\t\t\t\t\t<a href=\"https:\/\/imsli.org.ma\/new\/nproject-category\/projet-daam\/\">l&#039;Article-49<\/a>\n\t\t\t\t\t\t\t\t<\/li>\n\t\t\t\t\t\t\t\t\t\t\t\t\t<\/ul>\n\t\t\t\t\t<\/div>\n\t\t\t\t\t\t\t\n\t\t\t<div class=\"projects-items\">\n\t\t\t\t\t\t\t\t\t\n\t\t\t\t\t<!-- Project -->\n\t\t\t\t\t<div class=\"project post-1427 nproject type-nproject status-publish hentry nproject-category-appui-et-le-soutien-psychologique-par-la-langue-amazighe-jeunes-filles-infectes-par-le-seisme nproject-tag-francais no-post-thumbnail\" itemscope=\"itemscope\" itemtype=\"http:\/\/schema.org\/CreativeWork\">\n\t\t\t\t\t\t<div class=\"project-wrap\">\n\t\t\t\t\t\t\t<figure class=\"project-thumbnail\">\n\t\t\t\t\t\t\t\t<a href=\"https:\/\/imsli.org.ma\/new\/nproject\/premiere-activite-accompagnement-psychologique-et-pedagogique-pour-la-scolarisation-des-filles-touchees-par-le-seisme\/\">\n\t\t\t\t\t\t\t\t\t\t\t\t\t\t\t\t\t<\/a>\n\t\t\t\t\t\t\t\t\n\t\t\t\t\t\t\t\t<figcaption>\n\t\t\t\t\t\t\t\t\t<div class=\"project-buttons\">\n\t\t\t\t\t\t\t\t\t\t\t\t\t\t\t\t\t\t\t\t<a href=\"\" class=\"project-quick-view\" data-lightbox=\"nivoLightbox\">\n\t\t\t\t\t\t\t\t\t\t\t<span>Quick View<\/span>\n\t\t\t\t\t\t\t\t\t\t<\/a>\n\t\t\t\t\t\t\t\t\t<\/div>\n\t\t\t\t\t\t\t\t<\/figcaption>\n\t\t\t\t\t\t\t<\/figure>\n\n\t\t\t\t\t\t\t<div class=\"project-info\">\n\t\t\t\t\t\t\t\t<div class=\"project-info-wrap\">\n\t\t\t\t\t\t\t\t\t<ul class=\"project-categories\">\n\t\t\t\t\t\t\t\t\t\t<li><a href=\"https:\/\/imsli.org.ma\/new\/nproject-category\/appui-et-le-soutien-psychologique-par-la-langue-amazighe-jeunes-filles-infectes-par-le-seisme\/\" rel=\"tag\">Appui et le soutien psychologique par la langue amazighe jeunes filles infect\u00e9s par le s\u00e9isme<\/a><\/li>\t\t\t\t\t\t\t\t\t<\/ul>\n\t\t\t\t\t\t\t\t\t<h3 class=\"project-title\" itemprop=\"name headline\">\n\t\t\t\t\t\t\t\t\t\t<a href=\"https:\/\/imsli.org.ma\/new\/nproject\/premiere-activite-accompagnement-psychologique-et-pedagogique-pour-la-scolarisation-des-filles-touchees-par-le-seisme\/\">\n\t\t\t\t\t\t\t\t\t\t\tPremi\u00e8re activit\u00e9:  \u00ab\u00a0Accompagnement psychologique et p\u00e9dagogique pour la scolarisation des filles touch\u00e9es par le s\u00e9isme\u00a0\u00bb\t\t\t\t\t\t\t\t\t\t<\/a>\n\t\t\t\t\t\t\t\t\t<\/h3>\n\t\t\t\t\t\t\t\t<\/div>\n\t\t\t\t\t\t\t<\/div>\n\t\t\t\t\t\t<\/div>\n\t\t\t\t\t<\/div>\n\t\t\t\t\t<!-- \/Project -->\n\n\t\t\t\t\t\t\t\t\t\n\t\t\t\t\t<!-- Project -->\n\t\t\t\t\t<div class=\"project post-1395 nproject type-nproject status-publish has-post-thumbnail hentry nproject-category-pour-une-justice-equitable-pour-les-femmes-amazighes\" itemscope=\"itemscope\" itemtype=\"http:\/\/schema.org\/CreativeWork\">\n\t\t\t\t\t\t<div class=\"project-wrap\">\n\t\t\t\t\t\t\t<figure class=\"project-thumbnail\">\n\t\t\t\t\t\t\t\t<a href=\"https:\/\/imsli.org.ma\/new\/nproject\/%d8%a7%d8%b4%d8%ba%d8%a7%d9%84-%d9%86%d8%af%d9%88%d8%a9-%d8%a5%d9%86%d8%b7%d9%84%d8%a7%d9%82-%d9%85%d8%b4%d8%b1%d9%88%d8%b9-%d9%85%d9%86-%d8%a3%d8%ac%d9%84-%d8%b9%d8%af%d8%a7%d9%84%d8%a9-%d9%85\/\">\n\t\t\t\t\t\t\t\t\t<img loading=\"lazy\" decoding=\"async\" class=\"\" src=\"https:\/\/imsli.org.ma\/new\/wp-content\/uploads\/2024\/04\/431277294_822529289918862_2915352474273159053_n-600x413.jpg\" width=\"600\" height=\"413\" alt=\"431277294_822529289918862_2915352474273159053_n\" title=\"431277294_822529289918862_2915352474273159053_n\" \/>\t\t\t\t\t\t\t\t<\/a>\n\t\t\t\t\t\t\t\t\n\t\t\t\t\t\t\t\t<figcaption>\n\t\t\t\t\t\t\t\t\t<div class=\"project-buttons\">\n\t\t\t\t\t\t\t\t\t\t\t\t\t\t\t\t\t\t\t\t<a href=\"https:\/\/imsli.org.ma\/new\/wp-content\/uploads\/2024\/04\/431277294_822529289918862_2915352474273159053_n.jpg\" class=\"project-quick-view\" data-lightbox=\"nivoLightbox\">\n\t\t\t\t\t\t\t\t\t\t\t<span>Quick View<\/span>\n\t\t\t\t\t\t\t\t\t\t<\/a>\n\t\t\t\t\t\t\t\t\t<\/div>\n\t\t\t\t\t\t\t\t<\/figcaption>\n\t\t\t\t\t\t\t<\/figure>\n\n\t\t\t\t\t\t\t<div class=\"project-info\">\n\t\t\t\t\t\t\t\t<div class=\"project-info-wrap\">\n\t\t\t\t\t\t\t\t\t<ul class=\"project-categories\">\n\t\t\t\t\t\t\t\t\t\t<li><a href=\"https:\/\/imsli.org.ma\/new\/nproject-category\/pour-une-justice-equitable-pour-les-femmes-amazighes\/\" rel=\"tag\">Pour une justice equitable pour les femmes Amazighes<\/a><\/li>\t\t\t\t\t\t\t\t\t<\/ul>\n\t\t\t\t\t\t\t\t\t<h3 class=\"project-title\" itemprop=\"name headline\">\n\t\t\t\t\t\t\t\t\t\t<a href=\"https:\/\/imsli.org.ma\/new\/nproject\/%d8%a7%d8%b4%d8%ba%d8%a7%d9%84-%d9%86%d8%af%d9%88%d8%a9-%d8%a5%d9%86%d8%b7%d9%84%d8%a7%d9%82-%d9%85%d8%b4%d8%b1%d9%88%d8%b9-%d9%85%d9%86-%d8%a3%d8%ac%d9%84-%d8%b9%d8%af%d8%a7%d9%84%d8%a9-%d9%85\/\">\n\t\t\t\t\t\t\t\t\t\t\t\u00ab\u00a0\u0627\u0634\u063a\u0627\u0644 \u0646\u062f\u0648\u0629 \u0625\u0646\u0637\u0644\u0627\u0642 \u0645\u0634\u0631\u0648\u0639 \u00ab\u00a0\u0645\u0646 \u0623\u062c\u0644 \u0639\u062f\u0627\u0644\u0629 \u0645\u0646\u0635\u0641\u0629 \u0644\u0644\u0645\u0631\u0623\u0629 \u0627\u0644\u0623\u0645\u0627\u0632\u064a\u063a\u064a\u0629\t\t\t\t\t\t\t\t\t\t<\/a>\n\t\t\t\t\t\t\t\t\t<\/h3>\n\t\t\t\t\t\t\t\t<\/div>\n\t\t\t\t\t\t\t<\/div>\n\t\t\t\t\t\t<\/div>\n\t\t\t\t\t<\/div>\n\t\t\t\t\t<!-- \/Project -->\n\n\t\t\t\t\t\t\t\t\t\n\t\t\t\t\t<!-- Project -->\n\t\t\t\t\t<div class=\"project post-998 nproject type-nproject status-publish has-post-thumbnail hentry nproject-category-projet-pawanka\" itemscope=\"itemscope\" itemtype=\"http:\/\/schema.org\/CreativeWork\">\n\t\t\t\t\t\t<div class=\"project-wrap\">\n\t\t\t\t\t\t\t<figure class=\"project-thumbnail\">\n\t\t\t\t\t\t\t\t<a href=\"https:\/\/imsli.org.ma\/new\/nproject\/%d9%84%d9%82%d8%a7%d8%a1-%d8%aa%d9%88%d8%a7%d8%b5%d9%84%d9%8a%d8%a7-%d8%ae%d8%a7%d8%b5-%d8%a8%d9%85%d8%b4%d8%b1%d9%88%d8%b9-%d9%85%d9%83%d8%a7%d9%81%d8%ad%d8%a9-%d8%a7%d9%84%d8%aa%d8%ba%d9%8a%d8%b1\/\">\n\t\t\t\t\t\t\t\t\t<img loading=\"lazy\" decoding=\"async\" class=\"\" src=\"https:\/\/imsli.org.ma\/new\/wp-content\/uploads\/2022\/02\/259372111_2206273779529193_6429331242365975050_n-600x413.jpg\" width=\"600\" height=\"413\" alt=\"259372111_2206273779529193_6429331242365975050_n\" title=\"259372111_2206273779529193_6429331242365975050_n\" \/>\t\t\t\t\t\t\t\t<\/a>\n\t\t\t\t\t\t\t\t\n\t\t\t\t\t\t\t\t<figcaption>\n\t\t\t\t\t\t\t\t\t<div class=\"project-buttons\">\n\t\t\t\t\t\t\t\t\t\t\t\t\t\t\t\t\t\t\t\t<a href=\"https:\/\/imsli.org.ma\/new\/wp-content\/uploads\/2022\/02\/259372111_2206273779529193_6429331242365975050_n.jpg\" class=\"project-quick-view\" data-lightbox=\"nivoLightbox\">\n\t\t\t\t\t\t\t\t\t\t\t<span>Quick View<\/span>\n\t\t\t\t\t\t\t\t\t\t<\/a>\n\t\t\t\t\t\t\t\t\t<\/div>\n\t\t\t\t\t\t\t\t<\/figcaption>\n\t\t\t\t\t\t\t<\/figure>\n\n\t\t\t\t\t\t\t<div class=\"project-info\">\n\t\t\t\t\t\t\t\t<div class=\"project-info-wrap\">\n\t\t\t\t\t\t\t\t\t<ul class=\"project-categories\">\n\t\t\t\t\t\t\t\t\t\t<li><a href=\"https:\/\/imsli.org.ma\/new\/nproject-category\/projet-pawanka\/\" rel=\"tag\">Projet Pawanka<\/a><\/li>\t\t\t\t\t\t\t\t\t<\/ul>\n\t\t\t\t\t\t\t\t\t<h3 class=\"project-title\" itemprop=\"name headline\">\n\t\t\t\t\t\t\t\t\t\t<a href=\"https:\/\/imsli.org.ma\/new\/nproject\/%d9%84%d9%82%d8%a7%d8%a1-%d8%aa%d9%88%d8%a7%d8%b5%d9%84%d9%8a%d8%a7-%d8%ae%d8%a7%d8%b5-%d8%a8%d9%85%d8%b4%d8%b1%d9%88%d8%b9-%d9%85%d9%83%d8%a7%d9%81%d8%ad%d8%a9-%d8%a7%d9%84%d8%aa%d8%ba%d9%8a%d8%b1\/\">\n\t\t\t\t\t\t\t\t\t\t\t\u0644\u0642\u0627\u0621 \u062a\u0648\u0627\u0635\u0644\u064a\u0627 \u062e\u0627\u0635 \u0628\u0645\u0634\u0631\u0648\u0639 \u00ab\u00a0\u0645\u0643\u0627\u0641\u062d\u0629 \u0627\u0644\u062a\u063a\u064a\u0631 \u0627\u0644\u0645\u0646\u0627\u062e\u064a \u0648\u062a\u0639\u0632\u064a\u0632 \u0635\u0645\u0648\u062f \u0627\u0644\u0627\u0645\u0627\u0632\u064a\u063a \u0648 \u0627\u0644\u0627\u0645\u0627\u0632\u064a\u063a\u064a\u0627\u062a \u0645\u0646 \u062e\u0644\u0627\u0644 \u0627\u0644\u062d\u0641\u0627\u0638 \u0639\u0644\u0649 \u0634\u062c\u0631\u0629 \u0627\u0631\u0643\u0627\u0646\t\t\t\t\t\t\t\t\t\t<\/a>\n\t\t\t\t\t\t\t\t\t<\/h3>\n\t\t\t\t\t\t\t\t<\/div>\n\t\t\t\t\t\t\t<\/div>\n\t\t\t\t\t\t<\/div>\n\t\t\t\t\t<\/div>\n\t\t\t\t\t<!-- \/Project -->\n\n\t\t\t\t\t\t\t\t\t\n\t\t\t\t\t<!-- Project -->\n\t\t\t\t\t<div class=\"project post-1012 nproject type-nproject status-publish has-post-thumbnail hentry nproject-category-projet-pawanka\" itemscope=\"itemscope\" itemtype=\"http:\/\/schema.org\/CreativeWork\">\n\t\t\t\t\t\t<div class=\"project-wrap\">\n\t\t\t\t\t\t\t<figure class=\"project-thumbnail\">\n\t\t\t\t\t\t\t\t<a href=\"https:\/\/imsli.org.ma\/new\/nproject\/%d9%84%d9%82%d8%a7%d8%a1-%d8%a7%d9%81%d8%aa%d8%aa%d8%a7%d8%ad%d9%8a-%d9%84%d9%85%d8%b4%d8%b1%d9%88%d8%b9-%d9%85%d9%83%d8%a7%d9%81%d8%ad%d8%a9-%d8%a7%d9%84%d8%aa%d8%ba%d9%8a%d8%b1-%d8%a7%d9%84%d9%85\/\">\n\t\t\t\t\t\t\t\t\t<img loading=\"lazy\" decoding=\"async\" class=\"\" src=\"https:\/\/imsli.org.ma\/new\/wp-content\/uploads\/2021\/10\/pawanka2-600x413.jpg\" width=\"600\" height=\"413\" alt=\"pawanka2\" title=\"pawanka2\" \/>\t\t\t\t\t\t\t\t<\/a>\n\t\t\t\t\t\t\t\t\n\t\t\t\t\t\t\t\t<figcaption>\n\t\t\t\t\t\t\t\t\t<div class=\"project-buttons\">\n\t\t\t\t\t\t\t\t\t\t\t\t\t\t\t\t\t\t\t\t<a href=\"https:\/\/imsli.org.ma\/new\/wp-content\/uploads\/2021\/10\/pawanka2.jpg\" class=\"project-quick-view\" data-lightbox=\"nivoLightbox\">\n\t\t\t\t\t\t\t\t\t\t\t<span>Quick View<\/span>\n\t\t\t\t\t\t\t\t\t\t<\/a>\n\t\t\t\t\t\t\t\t\t<\/div>\n\t\t\t\t\t\t\t\t<\/figcaption>\n\t\t\t\t\t\t\t<\/figure>\n\n\t\t\t\t\t\t\t<div class=\"project-info\">\n\t\t\t\t\t\t\t\t<div class=\"project-info-wrap\">\n\t\t\t\t\t\t\t\t\t<ul class=\"project-categories\">\n\t\t\t\t\t\t\t\t\t\t<li><a href=\"https:\/\/imsli.org.ma\/new\/nproject-category\/projet-pawanka\/\" rel=\"tag\">Projet Pawanka<\/a><\/li>\t\t\t\t\t\t\t\t\t<\/ul>\n\t\t\t\t\t\t\t\t\t<h3 class=\"project-title\" itemprop=\"name headline\">\n\t\t\t\t\t\t\t\t\t\t<a href=\"https:\/\/imsli.org.ma\/new\/nproject\/%d9%84%d9%82%d8%a7%d8%a1-%d8%a7%d9%81%d8%aa%d8%aa%d8%a7%d8%ad%d9%8a-%d9%84%d9%85%d8%b4%d8%b1%d9%88%d8%b9-%d9%85%d9%83%d8%a7%d9%81%d8%ad%d8%a9-%d8%a7%d9%84%d8%aa%d8%ba%d9%8a%d8%b1-%d8%a7%d9%84%d9%85\/\">\n\t\t\t\t\t\t\t\t\t\t\t\u0644\u0642\u0627\u0621 \u0627\u0641\u062a\u062a\u0627\u062d\u064a \u0644\u0645\u0634\u0631\u0648\u0639 \u00ab\u00a0\u0645\u0643\u0627\u0641\u062d\u0629 \u0627\u0644\u062a\u063a\u064a\u0631 \u0627\u0644\u0645\u0646\u0627\u062e\u064a \u0648\u062a\u0639\u0632\u064a\u0632 \u0635\u0645\u0648\u062f \u0627\u0644\u0627\u0645\u0627\u0632\u064a\u063a \u0648 \u0627\u0644\u0627\u0645\u0627\u0632\u064a\u063a\u064a\u0627\u062a \u0645\u0646 \u062e\u0644\u0627\u0644 \u0627\u0644\u062d\u0641\u0627\u0638 \u0639\u0644\u0649 \u0634\u062c\u0631\u0629 \u0627\u0631\u0643\u0627\u0646\t\t\t\t\t\t\t\t\t\t<\/a>\n\t\t\t\t\t\t\t\t\t<\/h3>\n\t\t\t\t\t\t\t\t<\/div>\n\t\t\t\t\t\t\t<\/div>\n\t\t\t\t\t\t<\/div>\n\t\t\t\t\t<\/div>\n\t\t\t\t\t<!-- \/Project -->\n\n\t\t\t\t\t\t\t\t\t\n\t\t\t\t\t<!-- Project -->\n\t\t\t\t\t<div class=\"project post-1023 nproject type-nproject status-publish has-post-thumbnail hentry nproject-category-projet-pawanka\" itemscope=\"itemscope\" itemtype=\"http:\/\/schema.org\/CreativeWork\">\n\t\t\t\t\t\t<div class=\"project-wrap\">\n\t\t\t\t\t\t\t<figure class=\"project-thumbnail\">\n\t\t\t\t\t\t\t\t<a href=\"https:\/\/imsli.org.ma\/new\/nproject\/%d9%84%d8%a7%d8%b9%d9%84%d8%a7%d9%86-%d8%b9%d9%86-%d8%a7%d9%86%d8%b7%d9%84%d8%a7%d9%82%d8%a9-%d9%85%d8%b4%d8%b1%d9%88%d8%b9-%d9%85%d8%ad%d8%a7%d8%b1%d8%a8%d8%a9-%d8%a7%d9%84%d8%aa%d8%ba%d9%8a%d9%8a\/\">\n\t\t\t\t\t\t\t\t\t<img loading=\"lazy\" decoding=\"async\" class=\"\" src=\"https:\/\/imsli.org.ma\/new\/wp-content\/uploads\/2021\/10\/pawanka-600x413.jpg\" width=\"600\" height=\"413\" alt=\"pawanka\" title=\"pawanka\" \/>\t\t\t\t\t\t\t\t<\/a>\n\t\t\t\t\t\t\t\t\n\t\t\t\t\t\t\t\t<figcaption>\n\t\t\t\t\t\t\t\t\t<div class=\"project-buttons\">\n\t\t\t\t\t\t\t\t\t\t\t\t\t\t\t\t\t\t\t\t<a href=\"https:\/\/imsli.org.ma\/new\/wp-content\/uploads\/2021\/10\/pawanka.jpg\" class=\"project-quick-view\" data-lightbox=\"nivoLightbox\">\n\t\t\t\t\t\t\t\t\t\t\t<span>Quick View<\/span>\n\t\t\t\t\t\t\t\t\t\t<\/a>\n\t\t\t\t\t\t\t\t\t<\/div>\n\t\t\t\t\t\t\t\t<\/figcaption>\n\t\t\t\t\t\t\t<\/figure>\n\n\t\t\t\t\t\t\t<div class=\"project-info\">\n\t\t\t\t\t\t\t\t<div class=\"project-info-wrap\">\n\t\t\t\t\t\t\t\t\t<ul class=\"project-categories\">\n\t\t\t\t\t\t\t\t\t\t<li><a href=\"https:\/\/imsli.org.ma\/new\/nproject-category\/projet-pawanka\/\" rel=\"tag\">Projet Pawanka<\/a><\/li>\t\t\t\t\t\t\t\t\t<\/ul>\n\t\t\t\t\t\t\t\t\t<h3 class=\"project-title\" itemprop=\"name headline\">\n\t\t\t\t\t\t\t\t\t\t<a href=\"https:\/\/imsli.org.ma\/new\/nproject\/%d9%84%d8%a7%d8%b9%d9%84%d8%a7%d9%86-%d8%b9%d9%86-%d8%a7%d9%86%d8%b7%d9%84%d8%a7%d9%82%d8%a9-%d9%85%d8%b4%d8%b1%d9%88%d8%b9-%d9%85%d8%ad%d8%a7%d8%b1%d8%a8%d8%a9-%d8%a7%d9%84%d8%aa%d8%ba%d9%8a%d9%8a\/\">\n\t\t\t\t\t\t\t\t\t\t\t\u0644\u0627\u0639\u0644\u0627\u0646 \u0639\u0646 \u0627\u0646\u0637\u0644\u0627\u0642\u0629 \u0645\u0634\u0631\u0648\u0639 \u0645\u062d\u0627\u0631\u0628\u0629 \u0627\u0644\u062a\u063a\u064a\u064a\u0631 \u0627\u0644\u0645\u0646\u0627\u062e\u064a \u0648\u062a\u0639\u0632\u064a\u0632 \u0635\u0645\u0648\u062f \u0627\u0644\u0627\u0645\u0627\u0632\u064a\u063a \u0648\u0627\u0644\u0627\u0645\u0627\u0632\u064a\u063a\u064a\u0627\u062a \u0645\u0646 \u062e\u0644\u0627\u0644 \u0627\u0644\u062d\u0641\u0627\u0638 \u0639\u0644\u0649 \u0634\u062c\u0631\u0629 \u0623\u0631\u0643\u0627\u0646\t\t\t\t\t\t\t\t\t\t<\/a>\n\t\t\t\t\t\t\t\t\t<\/h3>\n\t\t\t\t\t\t\t\t<\/div>\n\t\t\t\t\t\t\t<\/div>\n\t\t\t\t\t\t<\/div>\n\t\t\t\t\t<\/div>\n\t\t\t\t\t<!-- \/Project -->\n\n\t\t\t\t\t\t\t\t\t\n\t\t\t\t\t<!-- Project -->\n\t\t\t\t\t<div class=\"project post-1037 nproject type-nproject status-publish has-post-thumbnail hentry nproject-category-projet-ifad\" itemscope=\"itemscope\" itemtype=\"http:\/\/schema.org\/CreativeWork\">\n\t\t\t\t\t\t<div class=\"project-wrap\">\n\t\t\t\t\t\t\t<figure class=\"project-thumbnail\">\n\t\t\t\t\t\t\t\t<a href=\"https:\/\/imsli.org.ma\/new\/nproject\/%d8%aa%d9%83%d9%88%d9%8a%d9%86-%d9%84%d9%81%d8%a7%d8%a6%d8%af%d8%a9-%d8%a7%d9%84%d8%aa%d8%b9%d8%a7%d9%88%d9%86%d9%8a%d8%a7%d8%aa-%d8%a7%d9%84%d9%86%d8%b3%d8%a7%d8%a6%d9%8a%d8%a9-%d8%a7%d9%84%d8%b9\/\">\n\t\t\t\t\t\t\t\t\t<img loading=\"lazy\" decoding=\"async\" class=\"\" src=\"https:\/\/imsli.org.ma\/new\/wp-content\/uploads\/2022\/02\/2-600x413.jpg\" width=\"600\" height=\"413\" alt=\"2\" title=\"2\" \/>\t\t\t\t\t\t\t\t<\/a>\n\t\t\t\t\t\t\t\t\n\t\t\t\t\t\t\t\t<figcaption>\n\t\t\t\t\t\t\t\t\t<div class=\"project-buttons\">\n\t\t\t\t\t\t\t\t\t\t\t\t\t\t\t\t\t\t\t\t<a href=\"https:\/\/imsli.org.ma\/new\/wp-content\/uploads\/2022\/02\/2.jpg\" class=\"project-quick-view\" data-lightbox=\"nivoLightbox\">\n\t\t\t\t\t\t\t\t\t\t\t<span>Quick View<\/span>\n\t\t\t\t\t\t\t\t\t\t<\/a>\n\t\t\t\t\t\t\t\t\t<\/div>\n\t\t\t\t\t\t\t\t<\/figcaption>\n\t\t\t\t\t\t\t<\/figure>\n\n\t\t\t\t\t\t\t<div class=\"project-info\">\n\t\t\t\t\t\t\t\t<div class=\"project-info-wrap\">\n\t\t\t\t\t\t\t\t\t<ul class=\"project-categories\">\n\t\t\t\t\t\t\t\t\t\t<li><a href=\"https:\/\/imsli.org.ma\/new\/nproject-category\/projet-ifad\/\" rel=\"tag\">Projet IFAD<\/a><\/li>\t\t\t\t\t\t\t\t\t<\/ul>\n\t\t\t\t\t\t\t\t\t<h3 class=\"project-title\" itemprop=\"name headline\">\n\t\t\t\t\t\t\t\t\t\t<a href=\"https:\/\/imsli.org.ma\/new\/nproject\/%d8%aa%d9%83%d9%88%d9%8a%d9%86-%d9%84%d9%81%d8%a7%d8%a6%d8%af%d8%a9-%d8%a7%d9%84%d8%aa%d8%b9%d8%a7%d9%88%d9%86%d9%8a%d8%a7%d8%aa-%d8%a7%d9%84%d9%86%d8%b3%d8%a7%d8%a6%d9%8a%d8%a9-%d8%a7%d9%84%d8%b9\/\">\n\t\t\t\t\t\t\t\t\t\t\t\u062a\u0643\u0648\u064a\u0646 \u0644\u0641\u0627\u0626\u062f\u0629 \u0627\u0644\u062a\u0639\u0627\u0648\u0646\u064a\u0627\u062a \u0627\u0644\u0646\u0633\u0627\u0626\u064a\u0629 \u0627\u0644\u0639\u0627\u0645\u0644\u0629 \u0641\u064a \u0645\u062c\u0627\u0644 \u0627\u0644\u0623\u0631\u0643\u0627\u0646 \u0641\u064a \u0623\u0633\u0627\u0633\u064a\u0627\u062a \u0627\u0644\u062a\u062f\u0628\u064a\u0631 \u0648\u0627\u0644\u0627\u062f\u0627\u0631\u0629\t\t\t\t\t\t\t\t\t\t<\/a>\n\t\t\t\t\t\t\t\t\t<\/h3>\n\t\t\t\t\t\t\t\t<\/div>\n\t\t\t\t\t\t\t<\/div>\n\t\t\t\t\t\t<\/div>\n\t\t\t\t\t<\/div>\n\t\t\t\t\t<!-- \/Project -->\n\n\t\t\t\t\t\t\t\t\t\n\t\t\t\t\t<!-- Project -->\n\t\t\t\t\t<div class=\"project post-952 nproject type-nproject status-publish has-post-thumbnail hentry nproject-category-cooperatives-feminines nproject-tag-english\" itemscope=\"itemscope\" itemtype=\"http:\/\/schema.org\/CreativeWork\">\n\t\t\t\t\t\t<div class=\"project-wrap\">\n\t\t\t\t\t\t\t<figure class=\"project-thumbnail\">\n\t\t\t\t\t\t\t\t<a href=\"https:\/\/imsli.org.ma\/new\/nproject\/preservation-of-the-argan-tree-2\/\">\n\t\t\t\t\t\t\t\t\t<img loading=\"lazy\" decoding=\"async\" class=\"\" src=\"https:\/\/imsli.org.ma\/new\/wp-content\/uploads\/2021\/07\/Preservation-of-the-Argan-Tree-1-600x413.jpg\" width=\"600\" height=\"413\" alt=\"Preservation-of-the-Argan-Tree-1\" title=\"Preservation-of-the-Argan-Tree-1\" \/>\t\t\t\t\t\t\t\t<\/a>\n\t\t\t\t\t\t\t\t\n\t\t\t\t\t\t\t\t<figcaption>\n\t\t\t\t\t\t\t\t\t<div class=\"project-buttons\">\n\t\t\t\t\t\t\t\t\t\t\t\t\t\t\t\t\t\t\t\t<a href=\"https:\/\/imsli.org.ma\/new\/wp-content\/uploads\/2021\/07\/Preservation-of-the-Argan-Tree-1.jpg\" class=\"project-quick-view\" data-lightbox=\"nivoLightbox\">\n\t\t\t\t\t\t\t\t\t\t\t<span>Quick View<\/span>\n\t\t\t\t\t\t\t\t\t\t<\/a>\n\t\t\t\t\t\t\t\t\t<\/div>\n\t\t\t\t\t\t\t\t<\/figcaption>\n\t\t\t\t\t\t\t<\/figure>\n\n\t\t\t\t\t\t\t<div class=\"project-info\">\n\t\t\t\t\t\t\t\t<div class=\"project-info-wrap\">\n\t\t\t\t\t\t\t\t\t<ul class=\"project-categories\">\n\t\t\t\t\t\t\t\t\t\t<li><a href=\"https:\/\/imsli.org.ma\/new\/nproject-category\/cooperatives-feminines\/\" rel=\"tag\">Coop\u00e9ratives F\u00e9minines<\/a><\/li>\t\t\t\t\t\t\t\t\t<\/ul>\n\t\t\t\t\t\t\t\t\t<h3 class=\"project-title\" itemprop=\"name headline\">\n\t\t\t\t\t\t\t\t\t\t<a href=\"https:\/\/imsli.org.ma\/new\/nproject\/preservation-of-the-argan-tree-2\/\">\n\t\t\t\t\t\t\t\t\t\t\tPreservation of the Argan Tree\t\t\t\t\t\t\t\t\t\t<\/a>\n\t\t\t\t\t\t\t\t\t<\/h3>\n\t\t\t\t\t\t\t\t<\/div>\n\t\t\t\t\t\t\t<\/div>\n\t\t\t\t\t\t<\/div>\n\t\t\t\t\t<\/div>\n\t\t\t\t\t<!-- \/Project -->\n\n\t\t\t\t\t\t\t\t\t\n\t\t\t\t\t<!-- Project -->\n\t\t\t\t\t<div class=\"project post-551 nproject type-nproject status-publish has-post-thumbnail hentry nproject-category-projet-daam\" itemscope=\"itemscope\" itemtype=\"http:\/\/schema.org\/CreativeWork\">\n\t\t\t\t\t\t<div class=\"project-wrap\">\n\t\t\t\t\t\t\t<figure class=\"project-thumbnail\">\n\t\t\t\t\t\t\t\t<a href=\"https:\/\/imsli.org.ma\/new\/nproject\/les-droits-economiques-des-femmes-dans-le-code-de-la-famille-cas-de-larticle-49\/\">\n\t\t\t\t\t\t\t\t\t<img loading=\"lazy\" decoding=\"async\" class=\"\" src=\"https:\/\/imsli.org.ma\/new\/wp-content\/uploads\/2020\/09\/imsli-no-image-600x413.jpg\" width=\"600\" height=\"413\" alt=\"imsli-no-image\" title=\"imsli-no-image\" \/>\t\t\t\t\t\t\t\t<\/a>\n\t\t\t\t\t\t\t\t\n\t\t\t\t\t\t\t\t<figcaption>\n\t\t\t\t\t\t\t\t\t<div class=\"project-buttons\">\n\t\t\t\t\t\t\t\t\t\t\t\t\t\t\t\t\t\t\t\t<a href=\"https:\/\/imsli.org.ma\/new\/wp-content\/uploads\/2020\/09\/imsli-no-image.jpg\" class=\"project-quick-view\" data-lightbox=\"nivoLightbox\">\n\t\t\t\t\t\t\t\t\t\t\t<span>Quick View<\/span>\n\t\t\t\t\t\t\t\t\t\t<\/a>\n\t\t\t\t\t\t\t\t\t<\/div>\n\t\t\t\t\t\t\t\t<\/figcaption>\n\t\t\t\t\t\t\t<\/figure>\n\n\t\t\t\t\t\t\t<div class=\"project-info\">\n\t\t\t\t\t\t\t\t<div class=\"project-info-wrap\">\n\t\t\t\t\t\t\t\t\t<ul class=\"project-categories\">\n\t\t\t\t\t\t\t\t\t\t<li><a href=\"https:\/\/imsli.org.ma\/new\/nproject-category\/projet-daam\/\" rel=\"tag\">l'Article-49<\/a><\/li>\t\t\t\t\t\t\t\t\t<\/ul>\n\t\t\t\t\t\t\t\t\t<h3 class=\"project-title\" itemprop=\"name headline\">\n\t\t\t\t\t\t\t\t\t\t<a href=\"https:\/\/imsli.org.ma\/new\/nproject\/les-droits-economiques-des-femmes-dans-le-code-de-la-famille-cas-de-larticle-49\/\">\n\t\t\t\t\t\t\t\t\t\t\tLes droits \u00e9conomiques des femmes dans le code de la famille: Cas de l&rsquo;article 49\t\t\t\t\t\t\t\t\t\t<\/a>\n\t\t\t\t\t\t\t\t\t<\/h3>\n\t\t\t\t\t\t\t\t<\/div>\n\t\t\t\t\t\t\t<\/div>\n\t\t\t\t\t\t<\/div>\n\t\t\t\t\t<\/div>\n\t\t\t\t\t<!-- \/Project -->\n\n\t\t\t\t\t\t\t\t\t\n\t\t\t\t\t<!-- Project -->\n\t\t\t\t\t<div class=\"project post-550 nproject type-nproject status-publish has-post-thumbnail hentry nproject-category-cooperatives-feminines nproject-tag-english\" itemscope=\"itemscope\" itemtype=\"http:\/\/schema.org\/CreativeWork\">\n\t\t\t\t\t\t<div class=\"project-wrap\">\n\t\t\t\t\t\t\t<figure class=\"project-thumbnail\">\n\t\t\t\t\t\t\t\t<a href=\"https:\/\/imsli.org.ma\/new\/nproject\/combating-climate-change-and-enhancing-the-resilience-of-the-amazigh-through-the-preservation-of-the-argan-tree\/\">\n\t\t\t\t\t\t\t\t\t<img loading=\"lazy\" decoding=\"async\" class=\"\" src=\"https:\/\/imsli.org.ma\/new\/wp-content\/uploads\/2020\/09\/imsli-no-image-600x413.jpg\" width=\"600\" height=\"413\" alt=\"imsli-no-image\" title=\"imsli-no-image\" \/>\t\t\t\t\t\t\t\t<\/a>\n\t\t\t\t\t\t\t\t\n\t\t\t\t\t\t\t\t<figcaption>\n\t\t\t\t\t\t\t\t\t<div class=\"project-buttons\">\n\t\t\t\t\t\t\t\t\t\t\t\t\t\t\t\t\t\t\t\t<a href=\"https:\/\/imsli.org.ma\/new\/wp-content\/uploads\/2020\/09\/imsli-no-image.jpg\" class=\"project-quick-view\" data-lightbox=\"nivoLightbox\">\n\t\t\t\t\t\t\t\t\t\t\t<span>Quick View<\/span>\n\t\t\t\t\t\t\t\t\t\t<\/a>\n\t\t\t\t\t\t\t\t\t<\/div>\n\t\t\t\t\t\t\t\t<\/figcaption>\n\t\t\t\t\t\t\t<\/figure>\n\n\t\t\t\t\t\t\t<div class=\"project-info\">\n\t\t\t\t\t\t\t\t<div class=\"project-info-wrap\">\n\t\t\t\t\t\t\t\t\t<ul class=\"project-categories\">\n\t\t\t\t\t\t\t\t\t\t<li><a href=\"https:\/\/imsli.org.ma\/new\/nproject-category\/cooperatives-feminines\/\" rel=\"tag\">Coop\u00e9ratives F\u00e9minines<\/a><\/li>\t\t\t\t\t\t\t\t\t<\/ul>\n\t\t\t\t\t\t\t\t\t<h3 class=\"project-title\" itemprop=\"name headline\">\n\t\t\t\t\t\t\t\t\t\t<a href=\"https:\/\/imsli.org.ma\/new\/nproject\/combating-climate-change-and-enhancing-the-resilience-of-the-amazigh-through-the-preservation-of-the-argan-tree\/\">\n\t\t\t\t\t\t\t\t\t\t\tCombating climate change and enhancing the resilience of the Amazigh through the preservation of the Argan tree\t\t\t\t\t\t\t\t\t\t<\/a>\n\t\t\t\t\t\t\t\t\t<\/h3>\n\t\t\t\t\t\t\t\t<\/div>\n\t\t\t\t\t\t\t<\/div>\n\t\t\t\t\t\t<\/div>\n\t\t\t\t\t<\/div>\n\t\t\t\t\t<!-- \/Project -->\n\n\t\t\t\t\n\t\t\t<\/div>\n\t\t<\/div>\n\t<\/div>\n\t<!-- END: .projects -->\n[\/vc_column][\/vc_row]<\/p>\n","protected":false},"excerpt":{"rendered":"<p>[vc_row][vc_column][\/vc_column][\/vc_row]<\/p>\n","protected":false},"author":1,"featured_media":0,"parent":0,"menu_order":0,"comment_status":"closed","ping_status":"closed","template":"","meta":{"footnotes":""},"class_list":["post-189","page","type-page","status-publish","hentry"],"_links":{"self":[{"href":"https:\/\/imsli.org.ma\/new\/wp-json\/wp\/v2\/pages\/189","targetHints":{"allow":["GET"]}}],"collection":[{"href":"https:\/\/imsli.org.ma\/new\/wp-json\/wp\/v2\/pages"}],"about":[{"href":"https:\/\/imsli.org.ma\/new\/wp-json\/wp\/v2\/types\/page"}],"author":[{"embeddable":true,"href":"https:\/\/imsli.org.ma\/new\/wp-json\/wp\/v2\/users\/1"}],"replies":[{"embeddable":true,"href":"https:\/\/imsli.org.ma\/new\/wp-json\/wp\/v2\/comments?post=189"}],"version-history":[{"count":0,"href":"https:\/\/imsli.org.ma\/new\/wp-json\/wp\/v2\/pages\/189\/revisions"}],"wp:attachment":[{"href":"https:\/\/imsli.org.ma\/new\/wp-json\/wp\/v2\/media?parent=189"}],"curies":[{"name":"wp","href":"https:\/\/api.w.org\/{rel}","templated":true}]}}